{"id":374,"date":"2020-09-02T17:07:07","date_gmt":"2020-09-02T15:07:07","guid":{"rendered":"https:\/\/www.francocarusi.com\/credits\/"},"modified":"2020-09-14T11:52:11","modified_gmt":"2020-09-14T09:52:11","slug":"credits","status":"publish","type":"page","link":"https:\/\/www.francocarusi.com\/it\/credits\/","title":{"rendered":"Credits"},"content":{"rendered":"<p><strong>Committente e responsabile per i contenuti:<\/strong><\/p>\n<p>&nbsp;<\/p>\n<p>RA Dr. Franco Carusi<\/p>\n<p>&nbsp;<\/p>\n<p>Via Mercato 6<\/p>\n<p>39021 \u2013 Laces<\/p>\n<p>Provincia di Bolzano<\/p>\n<p>Alto Adige \u2013 Italia<\/p>\n<p>&nbsp;<\/p>\n<p>Part. IVA: 02437460211<\/p>\n<p>Cod. Fisc. CRSFNC67M27H501K<\/p>\n<p>&nbsp;<\/p>\n<p>&nbsp;<\/p>\n<p>PEC Email: <a href=\"mailto:carusi_franco@pec.rolmail.net\">carusi_franco@pec.rolmail.net<\/a><br \/>Email: <a href=\"mailto:carusi_franco@yahoo.it\">carusi_franco@yahoo.it<\/a><br \/>Sito web: <a href=\"http:\/\/www.francocarusi.com\">www.francocarusi.com<\/a> &amp; <a href=\"http:\/\/www.francocarusi.it\">www.francocarusi.it<\/a><\/p>\n<p>&nbsp;<\/p>\n<p>H.: +39 333 947 07 45<\/p>\n<p>T\/F +39 0473 623309<\/p>\n<p>&nbsp;<\/p>\n<p>&nbsp;<\/p>\n<p><strong>Concezione, design e programmazione:<\/strong><\/p>\n<p>&nbsp;<\/p>\n<p>UNIKUM<br \/>der Pircher Marilena<\/p>\n<p><a href=\"mailto:info@unikum-design.com\" target=\"_blank\" rel=\"noopener noreferrer\">info@unikum-design.com<\/a>\u00a0<br \/><a href=\"https:\/\/www.unikum-design.com\/\" target=\"_blank\" rel=\"noopener noreferrer\">www.unikum-design.com<\/a><\/p>\n<p>&nbsp;<\/p>\n<p>&nbsp;<\/p>\n<ol>\n<li><strong> Contenuto<\/strong><\/li>\n<\/ol>\n<p>I contenuti e le informazioni presenti su questo sito Web sono stati da noi accuratamente controllati. Ci\u00f2 nonostante non ci assumiamo alcuna responsabilit\u00e0 n\u00e9 forniamo garanzie circa la loro esattezza e completezza. Ci riserviamo il diritto di aggiornare, modificare o integrare senza preavviso le informazioni messe a disposizione.<\/p>\n<p>&nbsp;<\/p>\n<ol start=\"2\">\n<li><strong> Rimandi e link<\/strong><\/li>\n<\/ol>\n<p>Non ci assumiamo alcuna responsabilit\u00e0 per i contenuti dei link esterni. La responsabilit\u00e0 per il contenuto delle pagine visitabili tramite i link \u00e8 esclusivamente dei gestori delle pagine.<\/p>\n<p>&nbsp;<\/p>\n<ol start=\"3\">\n<li><strong> Copyright (diritto d&#8217;autore e dei segni distintivi)<\/strong><\/li>\n<\/ol>\n<p>Il contenuto di questo sito Web \u00e8 protetto da copyright e non pu\u00f2 essere riprodotto o utilizzato in altre pubblicazioni stampate o elettroniche senza la nostra espressa autorizzazione.<\/p>\n<p>&nbsp;<\/p>\n<ol start=\"4\">\n<li><strong> SSL- codifica<\/strong><\/li>\n<\/ol>\n<p>Questo sito utilizza la crittografia SSL per motivi di sicurezza e per la protezione della trasmissione di contenuti riservati, come le richieste inviate a noi come operatore del sito. Una connessione crittografata indica che la linea di indirizzo del browser cambia da \u201chttp\u201d a \u201chttps\u201d e dall\u2019icona di blocco nella linea del browser.<br \/>Se la crittografia SSL \u00e8 attivata, i dati che ci trasferiscono non possono essere letti da terzi.<\/p>\n<p>&nbsp;<\/p>\n<ol start=\"5\">\n<li><strong> Validit\u00e0 giuridica<\/strong><\/li>\n<\/ol>\n<p>Qualora parti o singole formulazioni del presente testo non corrispondano, non corrispondano pi\u00f9 o non corrispondano integralmente alla vigente situazione giuridica, restano comunque immutati il contenuto e la validit\u00e0 delle altre parti del documento. Dall\u2019uso del sito Web non deriva alcun diritto n\u00e9 alcun contratto. Le controversie giuridiche sono risolte presso il Tribunale per noi competente.<\/p>\n<p>&nbsp;<\/p>\n<p>&nbsp;<\/p>\n<ol start=\"6\">\n<li><strong> Google reCAPTCHA<\/strong><\/li>\n<\/ol>\n<p>Questa pagina web utilizza Google Analytics, un servizio di analisi del web di Google Ireland Limited (\u201cGoogle\u201d), Gordon House, Barrow Street, Dublino 4, Irlanda, in base al principio del legittimo interesse prevalente (analisi dell&#8217;uso della pagina web). \u00a0Con reCAPTCHA si pu\u00f2 distinguere se l&#8217;inserimento dei dati nei moduli disponibili sul sito web \u00e8 effettuato da una persona fisica o abusivamente da un programma automatizzato. Per fare questo, reCAPTCHA analizza il comportamento dell&#8217;utente del sito web non appena lui o lei si collega al sito web. Per l&#8217;analisi, che viene eseguita completamente in background, reCAPTCHA valuta varie informazioni come l&#8217;indirizzo IP, il tempo trascorso sulla pagina o i movimenti del mouse. In tal modo, l&#8217;indirizzo IP e tutti gli altri dati necessari a Google per reCAPTCHA verranno trasmessi a Google. Google \u00e8 certificata dallo US Privacy Shield, che mira a garantire il rispetto del livello di protezione dei dati nell&#8217;UE. Per ulteriori informazioni su Google reCAPTCHA visitare il sito\u00a0<a href=\"https:\/\/www.google.com\/recaptcha\/intro\/v3.html\"><strong>https:\/\/www.google.com\/recaptcha\/intro\/v3.html<\/strong><\/a><u>\u00a0 &#8211; Politica sulla privacy di Google all\u2019indirizzo\u00a0\u00a0<\/u><a href=\"https:\/\/www.google.com\/intl\/de\/policies\/privacy\"><strong>https:\/\/www.google.com\/intl\/de\/policies\/privacy<\/strong><\/a><u>.<\/u><\/p>\n<p>&nbsp;<\/p>\n<ol start=\"7\">\n<li><strong> Google Maps<\/strong><\/li>\n<\/ol>\n<p>Integriamo le mappe del servizio \u201cGoogle Maps\u201d del fornitore Google LLC, 1600 Amphitheatre Parkway, Mountain View, CA 94043, USA. Tra i dati trattati possono rientrare in particolare gli indirizzi IP e i dati di posizione degli utenti, questi tuttavia non vengono acquisiti senza il loro consenso (di norma nell\u2019ambito delle impostazioni dei loro apparecchi mobili). I dati possono essere trattati negli USA.<\/p>\n<p>Informativa sulla privacy:\u00a0<a href=\"https:\/\/www.google.com\/policies\/privacy\/\">https:\/\/www.google.com\/policies\/privacy\/<\/a>, Opt-Out:\u00a0<a href=\"https:\/\/adssettings.google.com\/authenticated\">https:\/\/adssettings.google.com\/authenticated<\/a><\/p>\n<p>&nbsp;<\/p>\n<ol start=\"8\">\n<li><strong> Google Fonts<\/strong><\/li>\n<\/ol>\n<p>Integriamo i font (\u201cGoogle Fonts\u201d) del provider Google LLC, 1600 Amphitheatre Parkway, Mountain View, CA 94043, USA. Informativa sulla privacy:\u00a0<a href=\"https:\/\/www.google.com\/policies\/privacy\/\">https:\/\/www.google.com\/policies\/privacy\/<\/a>, Opt-Out:\u00a0<a href=\"https:\/\/adssettings.google.com\/authenticated\">https:\/\/adssettings.google.com\/authenticated<\/a><\/p>\n<p>&nbsp;<\/p>\n<ol start=\"9\">\n<li><strong> Video, musica &amp; immagini<\/strong><\/li>\n<\/ol>\n<p>\u00a9\u00a0<a href=\"https:\/\/www.unikum-design.com\/\" target=\"_blank\" rel=\"noopener noreferrer\">Unikum Design<\/a>\u00a0\u00a9\u00a0<a href=\"https:\/\/www.instagram.com\/sonja.f.design\/\" target=\"_blank\" rel=\"noopener noreferrer\">Sonja Fritz<\/a>\u00a0\u00a0<\/p>\n<p>&nbsp;<\/p>\n<ol start=\"10\">\n<li><strong> Risoluzione delle controversie online (ODR)<\/strong><\/li>\n<\/ol>\n<p>Informazione obbligatoria ai sensi del Regolamento UE n. 524\/2016 del Parlamento europeo e del Consiglio Piattaforma per la risoluzione delle controversie online dei consumatori (ODR) della Commissione europea:\u00a0<a href=\"https:\/\/www.ec.europa.eu\/consumers\/odr\">https:\/\/www.ec.europa.eu\/consumers\/odr<\/a><\/p>\n","protected":false},"excerpt":{"rendered":"<p>Committente e responsabile per i contenuti: &nbsp; RA Dr. Franco Carusi &nbsp; Via Mercato 6 39021 \u2013 Laces Provincia di Bolzano Alto Adige \u2013 Italia &nbsp; Part. IVA: 02437460211 Cod. Fisc. CRSFNC67M27H501K &nbsp; &nbsp; PEC Email: carusi_franco@pec.rolmail.netEmail: carusi_franco@yahoo.itSito web: www.francocarusi.com &amp; www.francocarusi.it &nbsp; H.: +39 333 947 07 45 T\/F +39 0473 623309 &nbsp; &nbsp; Concezione, design e programmazione: &nbsp;&#8230;<\/p>\n","protected":false},"author":1,"featured_media":0,"parent":0,"menu_order":0,"comment_status":"closed","ping_status":"closed","template":"","meta":{"footnotes":""},"class_list":["post-374","page","type-page","status-publish","hentry"],"aioseo_notices":[],"_links":{"self":[{"href":"https:\/\/www.francocarusi.com\/it\/wp-json\/wp\/v2\/pages\/374","targetHints":{"allow":["GET"]}}],"collection":[{"href":"https:\/\/www.francocarusi.com\/it\/wp-json\/wp\/v2\/pages"}],"about":[{"href":"https:\/\/www.francocarusi.com\/it\/wp-json\/wp\/v2\/types\/page"}],"author":[{"embeddable":true,"href":"https:\/\/www.francocarusi.com\/it\/wp-json\/wp\/v2\/users\/1"}],"replies":[{"embeddable":true,"href":"https:\/\/www.francocarusi.com\/it\/wp-json\/wp\/v2\/comments?post=374"}],"version-history":[{"count":2,"href":"https:\/\/www.francocarusi.com\/it\/wp-json\/wp\/v2\/pages\/374\/revisions"}],"predecessor-version":[{"id":479,"href":"https:\/\/www.francocarusi.com\/it\/wp-json\/wp\/v2\/pages\/374\/revisions\/479"}],"wp:attachment":[{"href":"https:\/\/www.francocarusi.com\/it\/wp-json\/wp\/v2\/media?parent=374"}],"curies":[{"name":"wp","href":"https:\/\/api.w.org\/{rel}","templated":true}]}}